{"id":174,"date":"2025-12-25T05:27:56","date_gmt":"2025-12-25T08:27:56","guid":{"rendered":"https:\/\/herpetologia.fcien.edu.uy\/?page_id=174"},"modified":"2026-01-15T07:58:33","modified_gmt":"2026-01-15T10:58:33","slug":"174-2","status":"publish","type":"page","link":"https:\/\/herpetologia.fcien.edu.uy\/?page_id=174","title":{"rendered":"Cursos de grado"},"content":{"rendered":"<p>[et_pb_section fb_built=\u00bb1&#8243; _builder_version=\u00bb4.27.4&#8243; _module_preset=\u00bbdefault\u00bb global_colors_info=\u00bb{}\u00bb][et_pb_row _builder_version=\u00bb4.27.4&#8243; _module_preset=\u00bbdefault\u00bb global_colors_info=\u00bb{}\u00bb][et_pb_column type=\u00bb4_4&#8243; _builder_version=\u00bb4.27.4&#8243; _module_preset=\u00bbdefault\u00bb global_colors_info=\u00bb{}\u00bb][et_pb_text _builder_version=\u00bb4.27.4&#8243; _module_preset=\u00bbdefault\u00bb header_text_color=\u00bb#0C71C3&#8243; header_letter_spacing=\u00bb10px\u00bb global_colors_info=\u00bb{}\u00bb]<\/p>\n<h1 style=\"text-align: center;\"><strong>Cursos de grado<\/strong><\/h1>\n<p>[\/et_pb_text][\/et_pb_column][\/et_pb_row][et_pb_row column_structure=\u00bb1_4,3_4&#8243; _builder_version=\u00bb4.27.4&#8243; _module_preset=\u00bbdefault\u00bb global_colors_info=\u00bb{}\u00bb][et_pb_column type=\u00bb1_4&#8243; _builder_version=\u00bb4.27.4&#8243; _module_preset=\u00bbdefault\u00bb global_colors_info=\u00bb{}\u00bb][et_pb_image src=\u00bbhttps:\/\/herpetologia.fcien.edu.uy\/wp-content\/uploads\/2026\/01\/curso_HerpetologiaGeneral.png\u00bb title_text=\u00bbcurso_HerpetologiaGeneral\u00bb _builder_version=\u00bb4.27.4&#8243; _module_preset=\u00bbdefault\u00bb hover_enabled=\u00bb0&#8243; global_colors_info=\u00bb{}\u00bb width=\u00bb100%\u00bb sticky_enabled=\u00bb0&#8243;][\/et_pb_image][\/et_pb_column][et_pb_column type=\u00bb3_4&#8243; _builder_version=\u00bb4.27.4&#8243; _module_preset=\u00bbdefault\u00bb global_colors_info=\u00bb{}\u00bb][et_pb_text _builder_version=\u00bb4.27.4&#8243; _module_preset=\u00bbdefault\u00bb hover_enabled=\u00bb0&#8243; global_colors_info=\u00bb{}\u00bb sticky_enabled=\u00bb0&#8243;]<\/p>\n<h2><span style=\"text-decoration: underline;\"><strong>Herpetolog\u00eda general<\/strong><\/span><\/h2>\n<p style=\"text-align: justify;\">\n<p style=\"text-align: justify;\">Este curso integra el Ciclo de Orientaci\u00f3n de la Licenciatura en Ciencias Biol\u00f3gicas de la Facultad de Ciencias.<\/p>\n<p style=\"text-align: justify;\"><span style=\"text-decoration: underline;\">Objetivo del curso:<\/span> esta Unidad Curricular pretende brindar al estudiante un panorama actualizado de la sistem\u00e1tica e historia natural de los anfibios y reptiles vivientes.\u00a0<\/p>\n<p style=\"text-align: justify;\">En el marco del Plan de Estudios de la Licenciatura en Ciencias Biol\u00f3gicas esta Unidad Curricular forma parte del Tramo de Orientaci\u00f3n. La misma profundiza los contenidos de la Unidad Curricular \u201cVertebrados\u201d incorporando conceptos detallados de anatom\u00eda, fisiolog\u00eda, ecolog\u00eda, comportamiento y evoluci\u00f3n de anfibios y reptiles. A su vez, ampl\u00eda la cobertura taxon\u00f3mica y geogr\u00e1fica de la mencionada Unidad Curricular destinando gran parte de la carga horaria al conocimiento y reconocimiento de los principales taxa. El curso tambi\u00e9n pretende brindar herramientas para el estudio y conservaci\u00f3n de anfibios y reptiles, as\u00ed como mostrar m\u00e9todos de estudio de campo y laboratorio para estos grupos zool\u00f3gicos.<\/p>\n<p style=\"text-align: justify;\">En el marco de la Formaci\u00f3n Profesional, adem\u00e1s del contenido te\u00f3rico incluido en el programa, esta asignatura brindar\u00e1 herramientas metodol\u00f3gicas para el trabajo de campo y de laboratorio. Las mismas ser\u00e1n de gran relevancia para aquellos estudiantes que deseen especializarse o continuar estudios de posgrado en \u00e1reas como taxonom\u00eda, evoluci\u00f3n, comportamiento, conservaci\u00f3n o manejo de diversos grupos de animales. Estos elementos tambi\u00e9n pueden ser de inter\u00e9s para quienes, en el ejercicio de la profesi\u00f3n, requieran realizar muestreos para el an\u00e1lisis del medio bi\u00f3tico.<\/p>\n<p style=\"text-align: justify;\"><strong><a href=\"https:\/\/drive.google.com\/file\/d\/14Q3YpZqkVdX0gxw7I_flAAfSr5DxDZJ-\/view?usp=drive_link\" title=\"Herpetolog\u00eda General\" target=\"_blank\" rel=\"noopener\">Programa completo y detalles administrativos.<\/a><\/strong><\/p>\n<p>[\/et_pb_text][\/et_pb_column][\/et_pb_row][et_pb_row column_structure=\u00bb1_4,3_4&#8243; _builder_version=\u00bb4.27.4&#8243; _module_preset=\u00bbdefault\u00bb hover_enabled=\u00bb0&#8243; global_colors_info=\u00bb{}\u00bb sticky_enabled=\u00bb0&#8243;][et_pb_column type=\u00bb1_4&#8243; _builder_version=\u00bb4.27.4&#8243; _module_preset=\u00bbdefault\u00bb global_colors_info=\u00bb{}\u00bb][et_pb_image src=\u00bbhttps:\/\/herpetologia.fcien.edu.uy\/wp-content\/uploads\/2026\/01\/curso_Vertebrados.png\u00bb title_text=\u00bbcurso_Vertebrados\u00bb _builder_version=\u00bb4.27.4&#8243; _module_preset=\u00bbdefault\u00bb hover_enabled=\u00bb0&#8243; global_colors_info=\u00bb{}\u00bb width=\u00bb100%\u00bb sticky_enabled=\u00bb0&#8243;][\/et_pb_image][\/et_pb_column][et_pb_column type=\u00bb3_4&#8243; _builder_version=\u00bb4.27.4&#8243; _module_preset=\u00bbdefault\u00bb global_colors_info=\u00bb{}\u00bb][et_pb_text _builder_version=\u00bb4.27.4&#8243; _module_preset=\u00bbdefault\u00bb global_colors_info=\u00bb{}\u00bb]<\/p>\n<h2><span style=\"text-decoration: underline;\"><strong>Vertebrados<\/strong><\/span><\/h2>\n<p style=\"text-align: justify;\">\n<p style=\"text-align: justify;\">Este curso integra la Oferta Estable de la Facultad de Ciencias.<\/p>\n<p style=\"text-align: justify;\">El curso tiene los siguientes objetivos:<\/p>\n<p style=\"text-align: justify;\">* Conocer los principales taxones que conforman la diversidad de vertebrados.<\/p>\n<p style=\"text-align: justify;\">* Enfatizar en el reconocimiento de la fauna aut\u00f3ctona del Uruguay<\/p>\n<p style=\"text-align: justify;\">* Conocer la historia natural de los distintos organismos vertebrados.<\/p>\n<p style=\"text-align: justify;\">* Brindar herramientas para el estudio y conservaci\u00f3n de la fauna de vertebrados<\/p>\n<p style=\"text-align: justify;\">* Mostrar y aplicar m\u00e9todos de estudio de campo y laboratorio para el estudio de la fauna.<\/p>\n<p style=\"text-align: justify;\"><strong><a href=\"https:\/\/drive.google.com\/file\/d\/1S2CQP2Eigbr_RH1TBg9NuMUAn68UvHaG\/view?usp=drive_link\" target=\"_blank\" rel=\"noopener\" title=\"Vertebrados\">Programa completo y detalles administrativos.<\/a><\/strong><\/p>\n<p>[\/et_pb_text][\/et_pb_column][\/et_pb_row][et_pb_row column_structure=\u00bb1_4,3_4&#8243; _builder_version=\u00bb4.27.4&#8243; _module_preset=\u00bbdefault\u00bb global_colors_info=\u00bb{}\u00bb][et_pb_column type=\u00bb1_4&#8243; _builder_version=\u00bb4.27.4&#8243; _module_preset=\u00bbdefault\u00bb global_colors_info=\u00bb{}\u00bb][et_pb_image src=\u00bbhttps:\/\/herpetologia.fcien.edu.uy\/wp-content\/uploads\/2026\/01\/curso_PrincipiosBiologiaAnimal-1.png\u00bb title_text=\u00bbcurso_PrincipiosBiologiaAnimal\u00bb _builder_version=\u00bb4.27.4&#8243; _module_preset=\u00bbdefault\u00bb hover_enabled=\u00bb0&#8243; global_colors_info=\u00bb{}\u00bb width=\u00bb100%\u00bb sticky_enabled=\u00bb0&#8243;][\/et_pb_image][\/et_pb_column][et_pb_column type=\u00bb3_4&#8243; _builder_version=\u00bb4.27.4&#8243; _module_preset=\u00bbdefault\u00bb global_colors_info=\u00bb{}\u00bb][et_pb_text _builder_version=\u00bb4.27.4&#8243; _module_preset=\u00bbdefault\u00bb global_colors_info=\u00bb{}\u00bb]<\/p>\n<h2><span style=\"text-decoration: underline;\"><strong>Principios de biolog\u00eda animal<\/strong><\/span><\/h2>\n<p>&nbsp;<\/p>\n<p style=\"text-align: justify;\">Este curso integra la Oferta Estable de la Facultad de Ciencias.<\/p>\n<p style=\"text-align: justify;\">El curso tiene los siguientes objetivos:<\/p>\n<p style=\"text-align: justify;\">* Construir con los estudiantes un marco te\u00f3rico que sirva de base para las distintas aproximaciones y enfoques que se interdigitan en el estudio de la biolog\u00eda animal o zoolog\u00eda general.<\/p>\n<p style=\"text-align: justify;\">* Conocer los principios y conceptos generales que act\u00faan en el desarrollo y diversidad de la vida animal.\u00a0 &#8211; Enfatizar los aportes de las distintas disciplinas que estudian la Biolog\u00eda Animal.<\/p>\n<p style=\"text-align: justify;\">* Articular los conocimientos te\u00f3ricos de las disciplinas involucradas con actividades pr\u00e1cticas, enfatizando las distintas metodolog\u00edas de trabajo de cada disciplina.<\/p>\n<p style=\"text-align: justify;\">* Manejar diferentes aplicaciones del estudio de los animales, incorporado a mejorar la calidad de vida en el planeta.<\/p>\n<p style=\"text-align: justify;\"><strong><a href=\"https:\/\/drive.google.com\/file\/d\/1M_H2AHQi-h9zzcWDwyVaycoc4ogLUzGV\/view?usp=drive_link\" target=\"_blank\" rel=\"noopener\" title=\"Principios de Biolog\u00eda Animal\">Programa completo y detalles administrativos.<\/a><\/strong><\/p>\n<p>[\/et_pb_text][\/et_pb_column][\/et_pb_row][et_pb_row column_structure=\u00bb1_4,3_4&#8243; _builder_version=\u00bb4.27.4&#8243; _module_preset=\u00bbdefault\u00bb global_colors_info=\u00bb{}\u00bb][et_pb_column type=\u00bb1_4&#8243; _builder_version=\u00bb4.27.4&#8243; _module_preset=\u00bbdefault\u00bb global_colors_info=\u00bb{}\u00bb][et_pb_image src=\u00bbhttps:\/\/herpetologia.fcien.edu.uy\/wp-content\/uploads\/2026\/01\/curso_topicosVertebrados.png\u00bb _builder_version=\u00bb4.27.4&#8243; _module_preset=\u00bbdefault\u00bb title_text=\u00bbcurso_topicosVertebrados\u00bb hover_enabled=\u00bb0&#8243; sticky_enabled=\u00bb0&#8243;][\/et_pb_image][\/et_pb_column][et_pb_column type=\u00bb3_4&#8243; _builder_version=\u00bb4.27.4&#8243; _module_preset=\u00bbdefault\u00bb global_colors_info=\u00bb{}\u00bb][et_pb_text _builder_version=\u00bb4.27.4&#8243; _module_preset=\u00bbdefault\u00bb global_colors_info=\u00bb{}\u00bb]<\/p>\n<h2><span style=\"text-decoration: underline;\"><strong>T\u00f3picos de Zoolog\u00eda Vertebrados<\/strong><\/span><\/h2>\n<p style=\"text-align: justify;\">\n<p style=\"text-align: justify;\">Este curso integra el Ciclo de Orientaci\u00f3n de la Licenciatura en Ciencias Biol\u00f3gicas de la Facultad de Ciencias.<\/p>\n<p style=\"text-align: justify;\">Esta Unidad Curricular se propone como un acercamiento a la investigaci\u00f3n en vertebrados que realizan los laboratorios de la Facultad de Ciencias y otras instituciones del pa\u00eds. A su vez es una oportunidad para profundizar los conocimientos contenidos en asignaturas del Tramo Com\u00fan como Principios de Biolog\u00eda Animal o Vertebrados.<\/p>\n<p style=\"text-align: justify;\">El Plan de Estudios incluye ejemplos de las investigaciones que se realizan en los distintos grupos de animales del Phyllum Chordata. Se espera enfatizar en aquellos aspectos inherentes al aporte que estas investigaciones pueden realizar en los procesos de construcci\u00f3n de marcos te\u00f3ricos generales.<\/p>\n<p style=\"text-align: justify;\">En el contexto de la Formaci\u00f3n Profesional este curso pretende complementar los conocimientos obtenidos en los cursos de zoolog\u00eda del tramo com\u00fan, con aspectos pr\u00e1cticos del ejercicio de la profesi\u00f3n. En este sentido el estudiante tendr\u00e1 contacto con docentes que desempe\u00f1an tareas tanto en el contexto de la investigaci\u00f3n b\u00e1sica, como en la atenci\u00f3n a la demanda de aquellos sectores de la sociedad que requieran la generaci\u00f3n de conocimientos espec\u00edficos.<\/p>\n<p style=\"text-align: justify;\">El curso est\u00e1 basado en clases te\u00f3ricas y seminarios con presentaciones de art\u00edculos de investigaci\u00f3n. En las clases te\u00f3ricas ser\u00e1n expuestos los contextos te\u00f3rico metodol\u00f3gicos en los cuales cada uno de los docentes desarrolla su actividad. Los seminarios estar\u00e1n basados en lecturas que ser\u00e1n expuestas por los estudiantes y comentadas por todos los actores del curso (docentes y estudiantes).<\/p>\n<p style=\"text-align: justify;\"><strong><a href=\"https:\/\/drive.google.com\/file\/d\/1OBViy5CURdTVrKJyWZewY-mG2j3sQdcX\/view?usp=drive_link\" target=\"_blank\" rel=\"noopener\" title=\"T\u00f3picos de Zoolog\u00eda Vertebrados\">Programa completo y detalles administrativos.<\/a><\/strong><\/p>\n<p>[\/et_pb_text][\/et_pb_column][\/et_pb_row][\/et_pb_section]<\/p>\n","protected":false},"excerpt":{"rendered":"<p>Cursos de gradoHerpetolog\u00eda general Este curso integra el Ciclo de Orientaci\u00f3n de la Licenciatura en Ciencias Biol\u00f3gicas de la Facultad de Ciencias. Objetivo del curso: esta Unidad Curricular pretende brindar al estudiante un panorama actualizado de la sistem\u00e1tica e historia natural de los anfibios y reptiles vivientes.\u00a0 En el marco del Plan de Estudios de [&hellip;]<\/p>\n","protected":false},"author":1,"featured_media":0,"parent":0,"menu_order":0,"comment_status":"closed","ping_status":"closed","template":"","meta":{"_et_pb_use_builder":"on","_et_pb_old_content":"","_et_gb_content_width":"","_themeisle_gutenberg_block_has_review":false,"footnotes":""},"class_list":["post-174","page","type-page","status-publish","hentry"],"_links":{"self":[{"href":"https:\/\/herpetologia.fcien.edu.uy\/index.php?rest_route=\/wp\/v2\/pages\/174","targetHints":{"allow":["GET"]}}],"collection":[{"href":"https:\/\/herpetologia.fcien.edu.uy\/index.php?rest_route=\/wp\/v2\/pages"}],"about":[{"href":"https:\/\/herpetologia.fcien.edu.uy\/index.php?rest_route=\/wp\/v2\/types\/page"}],"author":[{"embeddable":true,"href":"https:\/\/herpetologia.fcien.edu.uy\/index.php?rest_route=\/wp\/v2\/users\/1"}],"replies":[{"embeddable":true,"href":"https:\/\/herpetologia.fcien.edu.uy\/index.php?rest_route=%2Fwp%2Fv2%2Fcomments&post=174"}],"version-history":[{"count":11,"href":"https:\/\/herpetologia.fcien.edu.uy\/index.php?rest_route=\/wp\/v2\/pages\/174\/revisions"}],"predecessor-version":[{"id":362,"href":"https:\/\/herpetologia.fcien.edu.uy\/index.php?rest_route=\/wp\/v2\/pages\/174\/revisions\/362"}],"wp:attachment":[{"href":"https:\/\/herpetologia.fcien.edu.uy\/index.php?rest_route=%2Fwp%2Fv2%2Fmedia&parent=174"}],"curies":[{"name":"wp","href":"https:\/\/api.w.org\/{rel}","templated":true}]}}