{"id":181,"date":"2025-12-25T05:31:45","date_gmt":"2025-12-25T08:31:45","guid":{"rendered":"https:\/\/herpetologia.fcien.edu.uy\/?page_id=181"},"modified":"2026-03-20T15:10:30","modified_gmt":"2026-03-20T18:10:30","slug":"181-2","status":"publish","type":"page","link":"https:\/\/herpetologia.fcien.edu.uy\/?page_id=181","title":{"rendered":"Cursos de posgrado"},"content":{"rendered":"<p>[et_pb_section fb_built=\u00bb1&#8243; _builder_version=\u00bb4.27.4&#8243; _module_preset=\u00bbdefault\u00bb global_colors_info=\u00bb{}\u00bb][et_pb_row _builder_version=\u00bb4.27.4&#8243; _module_preset=\u00bbdefault\u00bb global_colors_info=\u00bb{}\u00bb][et_pb_column type=\u00bb4_4&#8243; _builder_version=\u00bb4.27.4&#8243; _module_preset=\u00bbdefault\u00bb global_colors_info=\u00bb{}\u00bb][et_pb_text _builder_version=\u00bb4.27.4&#8243; _module_preset=\u00bbdefault\u00bb header_text_color=\u00bb#0C71C3&#8243; header_letter_spacing=\u00bb10px\u00bb global_colors_info=\u00bb{}\u00bb]<\/p>\n<h1 style=\"text-align: center;\"><strong>Cursos de posgrado<\/strong><\/h1>\n<p>[\/et_pb_text][\/et_pb_column][\/et_pb_row][et_pb_row _builder_version=\u00bb4.27.4&#8243; _module_preset=\u00bbdefault\u00bb global_colors_info=\u00bb{}\u00bb][et_pb_column type=\u00bb4_4&#8243; _builder_version=\u00bb4.27.4&#8243; _module_preset=\u00bbdefault\u00bb global_colors_info=\u00bb{}\u00bb][et_pb_tabs _builder_version=\u00bb4.27.5&#8243; _module_preset=\u00bbdefault\u00bb hover_enabled=\u00bb0&#8243; global_colors_info=\u00bb{}\u00bb sticky_enabled=\u00bb0&#8243;][et_pb_tab title=\u00bbHerpetolog\u00eda Neotropical\u00bb _builder_version=\u00bb4.27.5&#8243; _module_preset=\u00bbdefault\u00bb hover_enabled=\u00bb0&#8243; global_colors_info=\u00bb{}\u00bb sticky_enabled=\u00bb0&#8243;]<\/p>\n<p style=\"text-align: justify;\">Este curso integra la oferta de PEDECIBA y trata sobre la composici\u00f3n de la fauna de anfibios y reptiles de la regi\u00f3n neotropical. Se abordar\u00e1n los patrones de distribuci\u00f3n observados, as\u00ed como se discutir\u00e1n los procesos que subyacen a los mismos. Se desarrollar\u00e1n t\u00f3picos particulares sobre sistem\u00e1tica e historia natural de la herpetofauna de la regi\u00f3n, y se presentar\u00e1n ejemplos concretos de l\u00edneas de investigaci\u00f3n que se est\u00e1n llevando adelante en Uruguay y pa\u00edses vecinos. Finalmente, los estudiantes presentar\u00e1n art\u00edculos de referencia sobre diferentes aspectos de la historia de vida de anfibios y reptiles neotropicales.<\/p>\n<p style=\"text-align: justify;\">Carga horaria: 50 horas (7 cr\u00e9ditos)<\/p>\n<p style=\"text-align: justify;\">CURSO 2026 inscripciones abiertas consultar a: <a href=\"mailto:herpetologia@fcien.edu.uy\">herpetologia@fcien.edu.uy<\/a><\/p>\n<p style=\"text-align: justify;\">Descargar toda la informaci\u00f3n <a href=\"\/PDF\/Programa_Herp_Neot_2026.pdf\" target=\"_blank\" rel=\"noopener\" title=\"Programa Herpetolog\u00eda Neotropical 2026\">AQUI<\/a>.<\/p>\n<p>[\/et_pb_tab][et_pb_tab title=\u00bbEcolog\u00eda de la herpetofauna en R para no programadores\u00bb _builder_version=\u00bb4.27.4&#8243; _module_preset=\u00bbdefault\u00bb global_colors_info=\u00bb{}\u00bb]<\/p>\n<p style=\"text-align: justify;\">Este curso integra la oferta de PEDECIBA y busca proporcionar una base s\u00f3lida para un entendimiento amplio del funcionamiento del lenguaje R para bi\u00f3logos no programadores. A lo largo del mismo, se brindar\u00e1n conocimientos para la construcci\u00f3n y ejecuci\u00f3n de scripts como herramientas de an\u00e1lisis de tem\u00e1ticas espec\u00edficas en ecolog\u00eda de la herpetofauna. El contenido fue elaborado pensando en personas que, sin experiencia en l\u00f3gica de programaci\u00f3n, puedan ser capaces de elaborar y ejecutar los ejemplos propuestos as\u00ed c\u00f3mo comprender sus significados. Los estudiantes trabajar\u00e1n con datos reales de estudios de ecolog\u00eda de anfibios y\/o reptiles y, al final, presentar\u00e1n sus an\u00e1lisis y resultados en forma de seminario.<\/p>\n<p style=\"text-align: justify;\">Carga horaria: 30 horas (4 cr\u00e9ditos)<\/p>\n<p>[\/et_pb_tab][et_pb_tab title=\u00bbBiolog\u00eda reproductiva dos anf\u00edbios (UFRGS)\u00bb _builder_version=\u00bb4.27.5&#8243; _module_preset=\u00bbdefault\u00bb global_colors_info=\u00bb{}\u00bb]<\/p>\n<p><span>El curso \u00abHist\u00f3ria natural e conserva\u00e7\u00e3o dos anf\u00edbios\u00bb es un curso de posgrado que se dicta regularmente en la Universidade\u00a0Federal de Rio Grande do Sul (Brasil). La coordinaci\u00f3n del mismo est\u00e1 a cargo de la Dra. Laura Verrastro (Laborat\u00f3rio de Herpetologia, Faculdade de Bioci\u00eancias, UFRGS) y del Dr. Ra\u00fal Maneyro (Laboratorio de Herpetolog\u00eda, Facultad de Ciencias, UdelaR). Los objetivos del mismo son brindar un panorama actualizado de historia natural, la diversidad y la conservaci\u00f3n de los anfibios, con especial \u00e9nfasis en los grupos que habitan el Bioma Pampa. Este curso tambi\u00e9n es abierto a estudiantes de Uruguay, y ya ha sido tomado y acreditado por estudiantes de PEDECIBA (Biolog\u00eda). El programa completo (en portugu\u00e9s), se encuentra en el <a href=\"https:\/\/herpetologia.fcien.edu.uy\/varios\/info_curso_UFRGS.pdf\" target=\"_blank\" rel=\"noopener\" title=\"Curso UFRGS\">archivo adjunto<\/a>.\u00a0<\/span><\/p>\n<p><span><\/span><\/p>\n<p><span><\/span><\/p>\n<p>[\/et_pb_tab][\/et_pb_tabs][\/et_pb_column][\/et_pb_row][\/et_pb_section]<\/p>\n","protected":false},"excerpt":{"rendered":"<p>Cursos de posgradoEste curso integra la oferta de PEDECIBA y trata sobre la composici\u00f3n de la fauna de anfibios y reptiles de la regi\u00f3n neotropical. Se abordar\u00e1n los patrones de distribuci\u00f3n observados, as\u00ed como se discutir\u00e1n los procesos que subyacen a los mismos. Se desarrollar\u00e1n t\u00f3picos particulares sobre sistem\u00e1tica e historia natural de la herpetofauna [&hellip;]<\/p>\n","protected":false},"author":1,"featured_media":0,"parent":0,"menu_order":0,"comment_status":"closed","ping_status":"closed","template":"","meta":{"_et_pb_use_builder":"on","_et_pb_old_content":"","_et_gb_content_width":"","_themeisle_gutenberg_block_has_review":false,"footnotes":""},"class_list":["post-181","page","type-page","status-publish","hentry"],"_links":{"self":[{"href":"https:\/\/herpetologia.fcien.edu.uy\/index.php?rest_route=\/wp\/v2\/pages\/181","targetHints":{"allow":["GET"]}}],"collection":[{"href":"https:\/\/herpetologia.fcien.edu.uy\/index.php?rest_route=\/wp\/v2\/pages"}],"about":[{"href":"https:\/\/herpetologia.fcien.edu.uy\/index.php?rest_route=\/wp\/v2\/types\/page"}],"author":[{"embeddable":true,"href":"https:\/\/herpetologia.fcien.edu.uy\/index.php?rest_route=\/wp\/v2\/users\/1"}],"replies":[{"embeddable":true,"href":"https:\/\/herpetologia.fcien.edu.uy\/index.php?rest_route=%2Fwp%2Fv2%2Fcomments&post=181"}],"version-history":[{"count":10,"href":"https:\/\/herpetologia.fcien.edu.uy\/index.php?rest_route=\/wp\/v2\/pages\/181\/revisions"}],"predecessor-version":[{"id":480,"href":"https:\/\/herpetologia.fcien.edu.uy\/index.php?rest_route=\/wp\/v2\/pages\/181\/revisions\/480"}],"wp:attachment":[{"href":"https:\/\/herpetologia.fcien.edu.uy\/index.php?rest_route=%2Fwp%2Fv2%2Fmedia&parent=181"}],"curies":[{"name":"wp","href":"https:\/\/api.w.org\/{rel}","templated":true}]}}