{"id":209,"date":"2025-12-25T06:00:30","date_gmt":"2025-12-25T09:00:30","guid":{"rendered":"https:\/\/herpetologia.fcien.edu.uy\/?page_id=209"},"modified":"2026-01-15T17:03:50","modified_gmt":"2026-01-15T20:03:50","slug":"209-2","status":"publish","type":"page","link":"https:\/\/herpetologia.fcien.edu.uy\/?page_id=209","title":{"rendered":"Investigaci\u00f3n estudiantil"},"content":{"rendered":"<p>[et_pb_section fb_built=\u00bb1&#8243; _builder_version=\u00bb4.27.4&#8243; _module_preset=\u00bbdefault\u00bb custom_padding=\u00bb||85px|||\u00bb global_colors_info=\u00bb{}\u00bb][et_pb_row _builder_version=\u00bb4.27.4&#8243; _module_preset=\u00bbdefault\u00bb global_colors_info=\u00bb{}\u00bb][et_pb_column type=\u00bb4_4&#8243; _builder_version=\u00bb4.27.4&#8243; _module_preset=\u00bbdefault\u00bb global_colors_info=\u00bb{}\u00bb][et_pb_text _builder_version=\u00bb4.27.4&#8243; _module_preset=\u00bbdefault\u00bb header_text_color=\u00bb#0C71C3&#8243; header_letter_spacing=\u00bb10px\u00bb global_colors_info=\u00bb{}\u00bb]<\/p>\n<h1 style=\"text-align: center;\"><strong>Investigaci\u00f3n estudiantil<\/strong><\/h1>\n<p>[\/et_pb_text][\/et_pb_column][\/et_pb_row][et_pb_row column_structure=\u00bb2_5,3_5&#8243; _builder_version=\u00bb4.27.4&#8243; _module_preset=\u00bbdefault\u00bb global_colors_info=\u00bb{}\u00bb][et_pb_column type=\u00bb2_5&#8243; _builder_version=\u00bb4.27.4&#8243; _module_preset=\u00bbdefault\u00bb global_colors_info=\u00bb{}\u00bb][et_pb_image src=\u00bbhttps:\/\/herpetologia.fcien.edu.uy\/wp-content\/uploads\/2025\/12\/PHOTO-2025-11-25-14-42-33.jpg\u00bb title_text=\u00bbPHOTO-2025-11-25-14-42-33&#8243; _builder_version=\u00bb4.27.4&#8243; _module_preset=\u00bbdefault\u00bb custom_margin=\u00bb|-22px||||\u00bb hover_enabled=\u00bb0&#8243; global_colors_info=\u00bb{}\u00bb box_shadow_style=\u00bbpreset3&#8243; sticky_enabled=\u00bb0&#8243;][\/et_pb_image][et_pb_image src=\u00bbhttps:\/\/herpetologia.fcien.edu.uy\/wp-content\/uploads\/2025\/12\/PHOTO-2025-11-25-14-41-32-2.jpg\u00bb title_text=\u00bbPHOTO-2025-11-25-14-41-32 2&#8243; _builder_version=\u00bb4.27.4&#8243; _module_preset=\u00bbdefault\u00bb custom_margin=\u00bb|-22px||||\u00bb hover_enabled=\u00bb0&#8243; global_colors_info=\u00bb{}\u00bb box_shadow_style=\u00bbpreset3&#8243; sticky_enabled=\u00bb0&#8243;][\/et_pb_image][\/et_pb_column][et_pb_column type=\u00bb3_5&#8243; _builder_version=\u00bb4.27.4&#8243; _module_preset=\u00bbdefault\u00bb global_colors_info=\u00bb{}\u00bb][et_pb_text _builder_version=\u00bb4.27.4&#8243; _module_preset=\u00bbdefault\u00bb custom_padding=\u00bb0px|||||\u00bb hover_enabled=\u00bb0&#8243; global_colors_info=\u00bb{}\u00bb sticky_enabled=\u00bb0&#8243;]<\/p>\n<p class=\"p2\" style=\"text-align: justify;\"><strong>Proyectos de Apoyo a la Investigaci\u00f3n Estudiantil y seminarios de Herpetolog\u00eda desarrollados en el laboratorio.<\/strong><\/p>\n<p style=\"text-align: justify;\">&#8211; Efectividad del aposematismo como estrategia defensiva en anfibios. Autores: V. Bandera, C. Costa y E. L\u00f3pez. Tutor: Ra\u00fal Maneyro. Co-tutor: Ernesto Elgue. Financiado por CSIC (Llamado 2024 a Proyectos de Investigaci\u00f3n para Estudiantes Universitarios).<\/p>\n<p style=\"text-align: justify;\">&#8211; Distribuci\u00f3n geogr\u00e1fica de los escamados de inter\u00e9s para la conservaci\u00f3n en Uruguay: un an\u00e1lisis a partir de diferentes fuentes de informaci\u00f3n. Autores: V. Morales, M. Silvera, G. Eastman, P. Ferrari, O. Pintos y F. Mendez. Tutor: Ra\u00fal Maneyro. Financiado por CSIC (Llamado 2023 a Proyectos de Investigaci\u00f3n para Estudiantes Universitarios).<\/p>\n<p style=\"text-align: justify;\">&#8211; La Comunidad de anfibios del Aeropuerto Internacional de Carrasco. Autores: G. Casas Ksiazenicki, M. C\u00faparo, M. Laborde, V. Landaco y N. Seltnercich. Tutor: Ra\u00fal Maneyro. Financiado por CSIC (Llamado 2022 a Proyectos de Investigaci\u00f3n para Estudiantes Universitarios).<\/p>\n<p style=\"text-align: justify;\">&#8211; Biodiversidad Oscura en Aves prioritarias para el Uruguay: del modelo matem\u00e1tico a las \u00e1reas de conservaci\u00f3n en campo. Autores: J. M. D\u00edaz Su\u00e1rez, D. Castelli Bugna, J. Mu\u00f1oz Oxley, S. Luccisano Garc\u00e9s. Tutor: David Romero. Financiado por CSIC (Llamado 2019 a Proyectos de Investigaci\u00f3n para Estudiantes Universitarios).<\/p>\n<p style=\"text-align: justify;\">&#8211; Conservaci\u00f3n de Murci\u00e9lagos cavern\u00edcolas en Uruguay. Autores:\u00a0 M. R\u00edos, J. M. D\u00edaz y P. Hern\u00e1ndez. Co-Tutor: Germ\u00e1n Botto. Financiado por CSIC (Llamado 2018 a Proyectos de Investigaci\u00f3n para Estudiantes Universitarios).<\/p>\n<p class=\"p2\" style=\"text-align: justify;\">[\/et_pb_text][\/et_pb_column][\/et_pb_row][et_pb_row column_structure=\u00bb1_2,1_2&#8243; _builder_version=\u00bb4.27.4&#8243; _module_preset=\u00bbdefault\u00bb global_colors_info=\u00bb{}\u00bb][et_pb_column type=\u00bb1_2&#8243; _builder_version=\u00bb4.27.4&#8243; _module_preset=\u00bbdefault\u00bb global_colors_info=\u00bb{}\u00bb][et_pb_cta title=\u00bbOportunidades de formaci\u00f3n en herpetolog\u00eda\u00bb button_text=\u00bbClick Here\u00bb _builder_version=\u00bb4.27.4&#8243; _module_preset=\u00bbdefault\u00bb background_color=\u00bb#0C71C3&#8243; width=\u00bb100%\u00bb custom_margin=\u00bb||-42px|||\u00bb custom_padding=\u00bb||10px|||\u00bb border_width_all=\u00bb3px\u00bb border_color_all=\u00bbRGBA(255,255,255,0)\u00bb global_colors_info=\u00bb{}\u00bb]<\/p>\n<p>El laboratorio est\u00e1 abierto a la posibilidad de recibir a pasantes y tesistas, que pueden tambi\u00e9n colaborar con el manejo de la colecci\u00f3n cient\u00edfica.<\/p>\n<p><a href=\"https:\/\/herpetologia.fcien.edu.uy\/?page_id=133\">\u00a1Cont\u00e1ctanos! utilizando el formulario del \u00e1rea de colecci\u00f3n<\/a>\u00a0<\/p>\n<p>[\/et_pb_cta][\/et_pb_column][et_pb_column type=\u00bb1_2&#8243; _builder_version=\u00bb4.27.4&#8243; _module_preset=\u00bbdefault\u00bb global_colors_info=\u00bb{}\u00bb][et_pb_image src=\u00bbhttps:\/\/herpetologia.fcien.edu.uy\/wp-content\/uploads\/2025\/10\/RML_1695.jpg\u00bb title_text=\u00bbRML_1695&#8243; _builder_version=\u00bb4.27.4&#8243; _module_preset=\u00bbdefault\u00bb width=\u00bb69.7%\u00bb min_height=\u00bb245.2px\u00bb custom_margin=\u00bb|-40px||||\u00bb custom_padding=\u00bb||1px|||\u00bb hover_enabled=\u00bb0&#8243; box_shadow_style=\u00bbpreset2&#8243; global_colors_info=\u00bb{}\u00bb animation_style=\u00bbfade\u00bb sticky_enabled=\u00bb0&#8243;][\/et_pb_image][\/et_pb_column][\/et_pb_row][\/et_pb_section]<\/p>\n","protected":false},"excerpt":{"rendered":"<p>Investigaci\u00f3n estudiantilProyectos de Apoyo a la Investigaci\u00f3n Estudiantil y seminarios de Herpetolog\u00eda desarrollados en el laboratorio. &#8211; Efectividad del aposematismo como estrategia defensiva en anfibios. Autores: V. Bandera, C. Costa y E. L\u00f3pez. Tutor: Ra\u00fal Maneyro. Co-tutor: Ernesto Elgue. Financiado por CSIC (Llamado 2024 a Proyectos de Investigaci\u00f3n para Estudiantes Universitarios). &#8211; Distribuci\u00f3n geogr\u00e1fica de [&hellip;]<\/p>\n","protected":false},"author":1,"featured_media":0,"parent":0,"menu_order":0,"comment_status":"closed","ping_status":"closed","template":"","meta":{"_et_pb_use_builder":"on","_et_pb_old_content":"","_et_gb_content_width":"","_themeisle_gutenberg_block_has_review":false,"footnotes":""},"class_list":["post-209","page","type-page","status-publish","hentry"],"_links":{"self":[{"href":"https:\/\/herpetologia.fcien.edu.uy\/index.php?rest_route=\/wp\/v2\/pages\/209","targetHints":{"allow":["GET"]}}],"collection":[{"href":"https:\/\/herpetologia.fcien.edu.uy\/index.php?rest_route=\/wp\/v2\/pages"}],"about":[{"href":"https:\/\/herpetologia.fcien.edu.uy\/index.php?rest_route=\/wp\/v2\/types\/page"}],"author":[{"embeddable":true,"href":"https:\/\/herpetologia.fcien.edu.uy\/index.php?rest_route=\/wp\/v2\/users\/1"}],"replies":[{"embeddable":true,"href":"https:\/\/herpetologia.fcien.edu.uy\/index.php?rest_route=%2Fwp%2Fv2%2Fcomments&post=209"}],"version-history":[{"count":10,"href":"https:\/\/herpetologia.fcien.edu.uy\/index.php?rest_route=\/wp\/v2\/pages\/209\/revisions"}],"predecessor-version":[{"id":403,"href":"https:\/\/herpetologia.fcien.edu.uy\/index.php?rest_route=\/wp\/v2\/pages\/209\/revisions\/403"}],"wp:attachment":[{"href":"https:\/\/herpetologia.fcien.edu.uy\/index.php?rest_route=%2Fwp%2Fv2%2Fmedia&parent=209"}],"curies":[{"name":"wp","href":"https:\/\/api.w.org\/{rel}","templated":true}]}}