{"id":225,"date":"2025-12-25T06:35:12","date_gmt":"2025-12-25T09:35:12","guid":{"rendered":"https:\/\/herpetologia.fcien.edu.uy\/?page_id=225"},"modified":"2026-01-15T16:43:33","modified_gmt":"2026-01-15T19:43:33","slug":"225-2","status":"publish","type":"page","link":"https:\/\/herpetologia.fcien.edu.uy\/?page_id=225","title":{"rendered":"EFI"},"content":{"rendered":"<p>[et_pb_section fb_built=\u00bb1&#8243; _builder_version=\u00bb4.27.4&#8243; _module_preset=\u00bbdefault\u00bb global_colors_info=\u00bb{}\u00bb][et_pb_row _builder_version=\u00bb4.27.4&#8243; _module_preset=\u00bbdefault\u00bb global_colors_info=\u00bb{}\u00bb][et_pb_column type=\u00bb4_4&#8243; _builder_version=\u00bb4.27.4&#8243; _module_preset=\u00bbdefault\u00bb global_colors_info=\u00bb{}\u00bb][et_pb_text _builder_version=\u00bb4.27.4&#8243; _module_preset=\u00bbdefault\u00bb header_text_color=\u00bb#0C71C3&#8243; header_letter_spacing=\u00bb10px\u00bb global_colors_info=\u00bb{}\u00bb]<\/p>\n<h1 style=\"text-align: center;\"><strong>Espacio de Formaci\u00f3n Integral<\/strong><\/h1>\n<p>[\/et_pb_text][\/et_pb_column][\/et_pb_row][et_pb_row column_structure=\u00bb2_5,3_5&#8243; _builder_version=\u00bb4.27.4&#8243; _module_preset=\u00bbdefault\u00bb global_colors_info=\u00bb{}\u00bb min_height=\u00bb488.9px\u00bb][et_pb_column type=\u00bb2_5&#8243; _builder_version=\u00bb4.27.4&#8243; _module_preset=\u00bbdefault\u00bb global_colors_info=\u00bb{}\u00bb][et_pb_image src=\u00bbhttps:\/\/herpetologia.fcien.edu.uy\/wp-content\/uploads\/2026\/01\/vida2mundos4.png\u00bb _builder_version=\u00bb4.27.4&#8243; _module_preset=\u00bbdefault\u00bb box_shadow_style=\u00bbpreset2&#8243; global_colors_info=\u00bb{}\u00bb][\/et_pb_image][\/et_pb_column][et_pb_column type=\u00bb3_5&#8243; _builder_version=\u00bb4.27.4&#8243; _module_preset=\u00bbdefault\u00bb global_colors_info=\u00bb{}\u00bb][et_pb_text _builder_version=\u00bb4.27.4&#8243; _module_preset=\u00bbdefault\u00bb custom_padding=\u00bb0px|||||\u00bb hover_enabled=\u00bb0&#8243; global_colors_info=\u00bb{}\u00bb sticky_enabled=\u00bb0&#8243;]<\/p>\n<p style=\"text-align: justify;\">Los EFI (Espacio de Formaci\u00f3n Integral), que articula m\u00e1s de una funci\u00f3n universitaria, idealmente contempla actividades de ense\u00f1anza, investigaci\u00f3n y extensi\u00f3n; y se vincula con actores extraunivesitarios. El laboratorio ofrece una pr\u00e1ctica de extensi\u00f3n que se encuadra en este tipo de actividad.<\/p>\n<p style=\"text-align: justify;\"><strong>T\u00edtulo<\/strong>: La vida entre dos mundos: historia natural de anfibios y reptiles<\/p>\n<p style=\"text-align: justify;\">La propuesta tiene como objetivo poner en di\u00e1logo a estudiantes de grado de la Facultad de Ciencias con actores de comunidades rurales mediante la investigaci\u00f3n y sensibilizaci\u00f3n sobre anfibios y reptiles. Responde a la necesidad de integrar los saberes locales y la investigaci\u00f3n cient\u00edfica para la conservaci\u00f3n de estos taxa, entendi\u00e9ndonos como parte de un sistema biocultural. La propuesta implica la articulaci\u00f3n de las tres funciones universitarias (ense\u00f1anza, investigaci\u00f3n y extensi\u00f3n) en un contexto transdisciplinario.<\/p>\n<p style=\"text-align: justify;\"><strong>En el marco del plan de estudios <\/strong>esta unidad curricular forma parte del \u00e1rea Extensi\u00f3n del plan de estudios de la Licenciatura en Ciencias Biol\u00f3gicas. La Extensi\u00f3n, una de las tres funciones universitarias de la Udelar, se concibe como un proceso educativo, integrador y transformador que, en colaboraci\u00f3n con actores sociales, genera nuevos saberes y fortalece el v\u00ednculo entre la Universidad y las comunidades. En este contexto, se busca contribuir a la formaci\u00f3n estudiantil mediante la planificaci\u00f3n y ejecuci\u00f3n de actividades en territorio, culminando en un proyecto final desarrollado junto con los actores locales.\u00a0 Adem\u00e1s, permite un acercamiento te\u00f3rico y pr\u00e1ctico al estudio de la Herpetolog\u00eda como profundizaci\u00f3n de la formaci\u00f3n en zoolog\u00eda.<\/p>\n<p>[\/et_pb_text][\/et_pb_column][\/et_pb_row][et_pb_row _builder_version=\u00bb4.27.4&#8243; _module_preset=\u00bbdefault\u00bb global_colors_info=\u00bb{}\u00bb min_height=\u00bb137.6px\u00bb][et_pb_column type=\u00bb4_4&#8243; _builder_version=\u00bb4.27.4&#8243; _module_preset=\u00bbdefault\u00bb global_colors_info=\u00bb{}\u00bb][et_pb_text _builder_version=\u00bb4.27.4&#8243; _module_preset=\u00bbdefault\u00bb custom_padding=\u00bb0px|||||\u00bb hover_enabled=\u00bb0&#8243; global_colors_info=\u00bb{}\u00bb sticky_enabled=\u00bb0&#8243; min_height=\u00bb154.6px\u00bb]<\/p>\n<p style=\"text-align: justify;\"><strong>En el marco de la formaci\u00f3n profesiona<\/strong><strong>l <\/strong>esta unidad curricular ofrecer\u00e1 a los futuros profesionales una formaci\u00f3n integral, entendida como la articulaci\u00f3n de procesos de ense\u00f1anza e investigaci\u00f3n en el marco de actividades de extensi\u00f3n. Estos procesos promueven el desarrollo de habilidades clave para una carrera acad\u00e9mica en la universidad a la vez de realizar aportes de inter\u00e9s a nivel de las comunidades. Como cient\u00edficos en formaci\u00f3n, adquirir\u00e1n competencias fundamentales para planificar proyectos y establecer v\u00ednculos de colaboraci\u00f3n con comunidades rurales, habilidades esenciales para investigaciones de campo. Asimismo, se enriquecer\u00e1n mediante la sensibilizaci\u00f3n hacia las problem\u00e1ticas de estas comunidades, ampliando su perspectiva sobre el mundo que los rodea.<\/p>\n<p style=\"text-align: justify;\">Adem\u00e1s, recibir\u00e1n una formaci\u00f3n pr\u00e1ctica en herpetolog\u00eda, que incluir\u00e1 la identificaci\u00f3n de especies, as\u00ed como el dise\u00f1o y la aplicaci\u00f3n de metodolog\u00edas de muestreo. Este conocimiento ser\u00e1 valioso para cualquier futuro bi\u00f3logo, especialmente para quienes se interesen en la zoolog\u00eda, aunque no de manera exclusiva.<\/p>\n<p>[\/et_pb_text][\/et_pb_column][\/et_pb_row][\/et_pb_section]<\/p>\n","protected":false},"excerpt":{"rendered":"<p>Espacio de Formaci\u00f3n IntegralLos EFI (Espacio de Formaci\u00f3n Integral), que articula m\u00e1s de una funci\u00f3n universitaria, idealmente contempla actividades de ense\u00f1anza, investigaci\u00f3n y extensi\u00f3n; y se vincula con actores extraunivesitarios. El laboratorio ofrece una pr\u00e1ctica de extensi\u00f3n que se encuadra en este tipo de actividad. T\u00edtulo: La vida entre dos mundos: historia natural de anfibios [&hellip;]<\/p>\n","protected":false},"author":1,"featured_media":0,"parent":0,"menu_order":0,"comment_status":"closed","ping_status":"closed","template":"","meta":{"_et_pb_use_builder":"on","_et_pb_old_content":"","_et_gb_content_width":"","_themeisle_gutenberg_block_has_review":false,"footnotes":""},"class_list":["post-225","page","type-page","status-publish","hentry"],"_links":{"self":[{"href":"https:\/\/herpetologia.fcien.edu.uy\/index.php?rest_route=\/wp\/v2\/pages\/225","targetHints":{"allow":["GET"]}}],"collection":[{"href":"https:\/\/herpetologia.fcien.edu.uy\/index.php?rest_route=\/wp\/v2\/pages"}],"about":[{"href":"https:\/\/herpetologia.fcien.edu.uy\/index.php?rest_route=\/wp\/v2\/types\/page"}],"author":[{"embeddable":true,"href":"https:\/\/herpetologia.fcien.edu.uy\/index.php?rest_route=\/wp\/v2\/users\/1"}],"replies":[{"embeddable":true,"href":"https:\/\/herpetologia.fcien.edu.uy\/index.php?rest_route=%2Fwp%2Fv2%2Fcomments&post=225"}],"version-history":[{"count":7,"href":"https:\/\/herpetologia.fcien.edu.uy\/index.php?rest_route=\/wp\/v2\/pages\/225\/revisions"}],"predecessor-version":[{"id":400,"href":"https:\/\/herpetologia.fcien.edu.uy\/index.php?rest_route=\/wp\/v2\/pages\/225\/revisions\/400"}],"wp:attachment":[{"href":"https:\/\/herpetologia.fcien.edu.uy\/index.php?rest_route=%2Fwp%2Fv2%2Fmedia&parent=225"}],"curies":[{"name":"wp","href":"https:\/\/api.w.org\/{rel}","templated":true}]}}