{"id":230,"date":"2025-12-25T06:38:48","date_gmt":"2025-12-25T09:38:48","guid":{"rendered":"https:\/\/herpetologia.fcien.edu.uy\/?page_id=230"},"modified":"2026-01-30T17:11:23","modified_gmt":"2026-01-30T20:11:23","slug":"230-2","status":"publish","type":"page","link":"https:\/\/herpetologia.fcien.edu.uy\/?page_id=230","title":{"rendered":"Divulgaci\u00f3n cient\u00edfica"},"content":{"rendered":"<p>[et_pb_section fb_built=\u00bb1&#8243; _builder_version=\u00bb4.27.4&#8243; _module_preset=\u00bbdefault\u00bb global_colors_info=\u00bb{}\u00bb][et_pb_row _builder_version=\u00bb4.27.4&#8243; _module_preset=\u00bbdefault\u00bb global_colors_info=\u00bb{}\u00bb][et_pb_column type=\u00bb4_4&#8243; _builder_version=\u00bb4.27.4&#8243; _module_preset=\u00bbdefault\u00bb global_colors_info=\u00bb{}\u00bb][et_pb_text _builder_version=\u00bb4.27.4&#8243; _module_preset=\u00bbdefault\u00bb header_text_color=\u00bb#0C71C3&#8243; header_letter_spacing=\u00bb10px\u00bb global_colors_info=\u00bb{}\u00bb]<\/p>\n<h1 style=\"text-align: center;\"><strong>Divulgaci\u00f3n cient\u00edfica<\/strong><\/h1>\n<p>[\/et_pb_text][\/et_pb_column][\/et_pb_row][et_pb_row column_structure=\u00bb2_5,3_5&#8243; _builder_version=\u00bb4.27.4&#8243; _module_preset=\u00bbdefault\u00bb global_colors_info=\u00bb{}\u00bb][et_pb_column type=\u00bb2_5&#8243; _builder_version=\u00bb4.27.4&#8243; _module_preset=\u00bbdefault\u00bb global_colors_info=\u00bb{}\u00bb][et_pb_image src=\u00bbhttps:\/\/herpetologia.fcien.edu.uy\/wp-content\/uploads\/2026\/01\/Divulgacion_cientifica_ia2.png\u00bb title_text=\u00bbDivulgacion_cientifica_ia2&#8243; _builder_version=\u00bb4.27.4&#8243; _module_preset=\u00bbdefault\u00bb width=\u00bb87%\u00bb global_colors_info=\u00bb{}\u00bb][\/et_pb_image][\/et_pb_column][et_pb_column type=\u00bb3_5&#8243; _builder_version=\u00bb4.27.4&#8243; _module_preset=\u00bbdefault\u00bb global_colors_info=\u00bb{}\u00bb][et_pb_text _builder_version=\u00bb4.27.5&#8243; _module_preset=\u00bbdefault\u00bb custom_padding=\u00bb0px|||||\u00bb hover_enabled=\u00bb0&#8243; global_colors_info=\u00bb{}\u00bb sticky_enabled=\u00bb0&#8243;]<\/p>\n<p class=\"p2\">Algunas actividades de divulgaci\u00f3n cient\u00edfica que realizamos:<\/p>\n<p class=\"p2\">* <a href=\"https:\/\/www.youtube.com\/watch?v=BXTt6gMi9kg\" target=\"_blank\" rel=\"noopener\" title=\"Anfibios y Reptiles de Uruguay\">Documental de Anfibios y Reptiles<\/a><\/p>\n<p class=\"p2\">* Publicaciones de divulgaci\u00f3n<\/p>\n<p class=\"p2\">* <a href=\"https:\/\/herpetologia.fcien.edu.uy\/varios\/planchas_Latitud2025.pdf\" target=\"_blank\" rel=\"noopener\" title=\"L\u00e1minas para colorear\">Materiales de inter\u00e9s escolar &#8211; L\u00e1minas para descargar y colorear (Latitud Ciencias)<\/a><\/p>\n<p class=\"p2\">* <a href=\"http:\/\/www.serpentario.edu.uy\" target=\"_blank\" rel=\"noopener\" title=\"Serpentario - Bioterio de Animales Ponzo\u00f1osos\">Serpentario &#8211; Ofidios y Ofidismo en Uruguay<\/a><\/p>\n<p class=\"p2\">* Gu\u00edas de Anfibios y de Reptiles<\/p>\n<p>[\/et_pb_text][et_pb_image src=\u00bbhttps:\/\/herpetologia.fcien.edu.uy\/wp-content\/uploads\/2026\/01\/Libros_guias_sinfondo.png\u00bb title_text=\u00bbLibros_guias_sinfondo\u00bb align=\u00bbcenter\u00bb _builder_version=\u00bb4.27.4&#8243; _module_preset=\u00bbdefault\u00bb width=\u00bb56%\u00bb module_alignment=\u00bbleft\u00bb filter_saturate=\u00bb129%\u00bb filter_brightness=\u00bb126%\u00bb filter_contrast=\u00bb151%\u00bb animation_style=\u00bbfade\u00bb global_colors_info=\u00bb{}\u00bb][\/et_pb_image][\/et_pb_column][\/et_pb_row][\/et_pb_section]<\/p>\n","protected":false},"excerpt":{"rendered":"<p>Divulgaci\u00f3n cient\u00edficaAlgunas actividades de divulgaci\u00f3n cient\u00edfica que realizamos: * Documental de Anfibios y Reptiles * Publicaciones de divulgaci\u00f3n * Materiales de inter\u00e9s escolar &#8211; L\u00e1minas para descargar y colorear (Latitud Ciencias) * Serpentario &#8211; Ofidios y Ofidismo en Uruguay * Gu\u00edas de Anfibios y de Reptiles<\/p>\n","protected":false},"author":1,"featured_media":0,"parent":0,"menu_order":0,"comment_status":"closed","ping_status":"closed","template":"","meta":{"_et_pb_use_builder":"on","_et_pb_old_content":"","_et_gb_content_width":"","_themeisle_gutenberg_block_has_review":false,"footnotes":""},"class_list":["post-230","page","type-page","status-publish","hentry"],"_links":{"self":[{"href":"https:\/\/herpetologia.fcien.edu.uy\/index.php?rest_route=\/wp\/v2\/pages\/230","targetHints":{"allow":["GET"]}}],"collection":[{"href":"https:\/\/herpetologia.fcien.edu.uy\/index.php?rest_route=\/wp\/v2\/pages"}],"about":[{"href":"https:\/\/herpetologia.fcien.edu.uy\/index.php?rest_route=\/wp\/v2\/types\/page"}],"author":[{"embeddable":true,"href":"https:\/\/herpetologia.fcien.edu.uy\/index.php?rest_route=\/wp\/v2\/users\/1"}],"replies":[{"embeddable":true,"href":"https:\/\/herpetologia.fcien.edu.uy\/index.php?rest_route=%2Fwp%2Fv2%2Fcomments&post=230"}],"version-history":[{"count":11,"href":"https:\/\/herpetologia.fcien.edu.uy\/index.php?rest_route=\/wp\/v2\/pages\/230\/revisions"}],"predecessor-version":[{"id":411,"href":"https:\/\/herpetologia.fcien.edu.uy\/index.php?rest_route=\/wp\/v2\/pages\/230\/revisions\/411"}],"wp:attachment":[{"href":"https:\/\/herpetologia.fcien.edu.uy\/index.php?rest_route=%2Fwp%2Fv2%2Fmedia&parent=230"}],"curies":[{"name":"wp","href":"https:\/\/api.w.org\/{rel}","templated":true}]}}