{"id":83,"date":"2025-12-25T06:28:57","date_gmt":"2025-12-25T06:28:57","guid":{"rendered":"https:\/\/herpetologia.fcien.edu.uy\/?page_id=83"},"modified":"2026-03-20T15:30:22","modified_gmt":"2026-03-20T18:30:22","slug":"inicio","status":"publish","type":"page","link":"https:\/\/herpetologia.fcien.edu.uy\/","title":{"rendered":"Inicio"},"content":{"rendered":"<p>[et_pb_section fb_built=\u00bb1&#8243; _builder_version=\u00bb4.27.4&#8243; _module_preset=\u00bbdefault\u00bb custom_margin=\u00bb||22px|||\u00bb global_colors_info=\u00bb{}\u00bb][et_pb_row _builder_version=\u00bb4.27.4&#8243; _module_preset=\u00bbdefault\u00bb global_colors_info=\u00bb{}\u00bb][et_pb_column type=\u00bb4_4&#8243; _builder_version=\u00bb4.27.4&#8243; _module_preset=\u00bbdefault\u00bb global_colors_info=\u00bb{}\u00bb][et_pb_heading title=\u00bbLaboratorio de Herpetolog\u00eda\u00bb _builder_version=\u00bb4.27.4&#8243; _module_preset=\u00bbdefault\u00bb title_font=\u00bb|700|||||||\u00bb title_text_align=\u00bbcenter\u00bb title_text_color=\u00bb#0C71C3&#8243; title_letter_spacing=\u00bb10px\u00bb global_colors_info=\u00bb{}\u00bb][\/et_pb_heading][\/et_pb_column][\/et_pb_row][et_pb_row column_structure=\u00bb2_5,3_5&#8243; _builder_version=\u00bb4.27.4&#8243; _module_preset=\u00bbdefault\u00bb global_colors_info=\u00bb{}\u00bb][et_pb_column type=\u00bb2_5&#8243; _builder_version=\u00bb4.27.4&#8243; _module_preset=\u00bbdefault\u00bb global_colors_info=\u00bb{}\u00bb][et_pb_image src=\u00bbhttps:\/\/herpetologia.fcien.edu.uy\/wp-content\/uploads\/2026\/01\/Facultad_de_Ciencias.png\u00bb title_text=\u00bbFacultad_de_Ciencias\u00bb _builder_version=\u00bb4.27.4&#8243; _module_preset=\u00bbdefault\u00bb box_shadow_style=\u00bbpreset3&#8243; global_colors_info=\u00bb{}\u00bb][\/et_pb_image][\/et_pb_column][et_pb_column type=\u00bb3_5&#8243; _builder_version=\u00bb4.27.4&#8243; _module_preset=\u00bbdefault\u00bb global_colors_info=\u00bb{}\u00bb][et_pb_text _builder_version=\u00bb4.27.4&#8243; _module_preset=\u00bbdefault\u00bb min_height=\u00bb315.8px\u00bb custom_margin=\u00bb||-37px|||\u00bb global_colors_info=\u00bb{}\u00bb]<\/p>\n<p class=\"p2\" style=\"text-align: justify;\"><span class=\"s1\"> <\/span>El Laboratorio de Herpetolog\u00eda integra el Instituto de Ecolog\u00eda y Ciencias Ambientales de la Facultad de Ciencias de la Universidad de la Rep\u00fablica.<\/p>\n<p class=\"p2\" style=\"text-align: justify;\">Fue creado por resoluci\u00f3n del Consejo de la Facultad de fecha 14 de Octubre del 2024. Sin embargo, su historia es mucho mas antigua y comienza en el Departamento de Zoolog\u00eda Vertebrados (uno de los n\u00facleos fundacionales de la Facultad de Humanidades y Ciencias), en la d\u00e9cada de 1940. Desde la creaci\u00f3n Instituto de Ecolog\u00eda y Ciencias Ambientales (en el a\u00f1o 2009), ese colectivo se incorpora como Laboratorio de Sistem\u00e1tica e Historia Natural de Vertebrados, hasta adoptar su denominaci\u00f3n definitiva en 2024.<\/p>\n<p class=\"p2\" style=\"text-align: justify;\">Actualmente todas las funciones universitarias giran en torno a la tem\u00e1tica de la taxonom\u00eda, historia natural y evoluci\u00f3n de los anfibios y reptiles, con \u00e9nfasis en especies y comunidades del Bioma Pampa.<\/p>\n<p class=\"p2\" style=\"text-align: justify;\">\n<p class=\"p2\" style=\"text-align: justify;\">\n<p class=\"p2\" style=\"text-align: justify;\">\n<p class=\"p2\" style=\"text-align: justify;\">\n<p class=\"p2\" style=\"text-align: justify;\">\n<p>[\/et_pb_text][et_pb_blurb title=\u00bbHerpetolog\u00eda Neotropical 2026 &#8211; Inscripciones abiertas\u00bb image=\u00bbhttps:\/\/herpetologia.fcien.edu.uy\/wp-content\/uploads\/2026\/03\/Herpetologia_Neotropical2026.png\u00bb _builder_version=\u00bb4.27.5&#8243; _module_preset=\u00bbdefault\u00bb title_text=\u00bbHerpetologia Neotropical 2026&#8243; hover_enabled=\u00bb0&#8243; sticky_enabled=\u00bb0&#8243; url=\u00bb@ET-DC@eyJkeW5hbWljIjp0cnVlLCJjb250ZW50IjoicG9zdF9saW5rX3VybF9wYWdlIiwic2V0dGluZ3MiOnsicG9zdF9pZCI6IjE4MSJ9fQ==@\u00bb _dynamic_attributes=\u00bburl\u00bb text_orientation=\u00bbcenter\u00bb animation_style=\u00bbbounce\u00bb][\/et_pb_blurb][\/et_pb_column][\/et_pb_row][et_pb_row _builder_version=\u00bb4.27.5&#8243; _module_preset=\u00bbdefault\u00bb][et_pb_column _builder_version=\u00bb4.27.5&#8243; _module_preset=\u00bbdefault\u00bb type=\u00bb4_4&#8243;][\/et_pb_column][\/et_pb_row][\/et_pb_section]<\/p>\n","protected":false},"excerpt":{"rendered":"<p>El Laboratorio de Herpetolog\u00eda integra el Instituto de Ecolog\u00eda y Ciencias Ambientales de la Facultad de Ciencias de la Universidad de la Rep\u00fablica. Fue creado por resoluci\u00f3n del Consejo de la Facultad de fecha 14 de Octubre del 2024. Sin embargo, su historia es mucho mas antigua y comienza en el Departamento de Zoolog\u00eda Vertebrados [&hellip;]<\/p>\n","protected":false},"author":1,"featured_media":0,"parent":0,"menu_order":0,"comment_status":"closed","ping_status":"closed","template":"","meta":{"_et_pb_use_builder":"on","_et_pb_old_content":"","_et_gb_content_width":"","_themeisle_gutenberg_block_has_review":false,"footnotes":""},"class_list":["post-83","page","type-page","status-publish","hentry"],"_links":{"self":[{"href":"https:\/\/herpetologia.fcien.edu.uy\/index.php?rest_route=\/wp\/v2\/pages\/83","targetHints":{"allow":["GET"]}}],"collection":[{"href":"https:\/\/herpetologia.fcien.edu.uy\/index.php?rest_route=\/wp\/v2\/pages"}],"about":[{"href":"https:\/\/herpetologia.fcien.edu.uy\/index.php?rest_route=\/wp\/v2\/types\/page"}],"author":[{"embeddable":true,"href":"https:\/\/herpetologia.fcien.edu.uy\/index.php?rest_route=\/wp\/v2\/users\/1"}],"replies":[{"embeddable":true,"href":"https:\/\/herpetologia.fcien.edu.uy\/index.php?rest_route=%2Fwp%2Fv2%2Fcomments&post=83"}],"version-history":[{"count":13,"href":"https:\/\/herpetologia.fcien.edu.uy\/index.php?rest_route=\/wp\/v2\/pages\/83\/revisions"}],"predecessor-version":[{"id":489,"href":"https:\/\/herpetologia.fcien.edu.uy\/index.php?rest_route=\/wp\/v2\/pages\/83\/revisions\/489"}],"wp:attachment":[{"href":"https:\/\/herpetologia.fcien.edu.uy\/index.php?rest_route=%2Fwp%2Fv2%2Fmedia&parent=83"}],"curies":[{"name":"wp","href":"https:\/\/api.w.org\/{rel}","templated":true}]}}